{"id":561,"date":"2019-11-21T02:42:40","date_gmt":"2019-11-21T02:42:40","guid":{"rendered":"https:\/\/crystalholidaystravel.com\/?page_id=561"},"modified":"2019-11-21T02:42:40","modified_gmt":"2019-11-21T02:42:40","slug":"rencontrez-notre-equipe","status":"publish","type":"page","link":"https:\/\/crystalholidaystravel.com\/fr\/a-propos-de-nous\/rencontrez-notre-equipe","title":{"rendered":"Rencontrez notre \u00e9quipe"},"content":{"rendered":"<p>Au d\u00e9but du 21\u00e8me si\u00e8cle, le Vietnam est devenu l&rsquo;une des destinations les plus attractives de la plan\u00e8te. Parall\u00e8lement \u00e0 la tendance de d\u00e9veloppement du pays, Crystal Holidays a \u00e9t\u00e9 cr\u00e9\u00e9 avec la volont\u00e9, le d\u00e9sir et la foi de cr\u00e9er une entreprise leader dans les domaines du tourisme, des loisirs et des investissements immobiliers.<\/p>\n<p>Avec toute notre passion, notre enthousiasme et notre d\u00e9vouement, nous avons conduit \u00e0 la construction d\u2019un \u00e9cosyst\u00e8me touristique ferm\u00e9. Comprend: les services de voyages internationaux, les services de billetterie et de visa, les services de transport de haute qualit\u00e9, les services de gestion d\u2019h\u00f4tels de luxe, les services d\u2019h\u00e9bergement et une solution de voyage intelligente avec un sens du style et une \u00e9poque semblable \u00e0 M.I.C.E.<\/p>\n<p>Gr\u00e2ce au tourisme, aux partenaires concurrents et \u00e0 long terme, nous investissons dans le d\u00e9veloppement immobilier dans une zone de terre en forme de S, contribuant ainsi \u00e0 la construction de la nation et cr\u00e9ant un bon rapport qualit\u00e9-prix pour la communaut\u00e9.<\/p>\n<p>Crystal Holidays &#8211; Des centaines de milliers de destinations dans le monde entier<\/p>\n","protected":false},"excerpt":{"rendered":"<p>Au d\u00e9but du 21\u00e8me si\u00e8cle, le Vietnam est devenu l&rsquo;une des destinations les plus attractives de la plan\u00e8te. Parall\u00e8lement \u00e0 la tendance de d\u00e9veloppement du pays, Crystal Holidays a \u00e9t\u00e9 cr\u00e9\u00e9 avec la volont\u00e9, le d\u00e9sir et la foi de cr\u00e9er une entreprise leader dans les domaines du tourisme, des loisirs et des investissements immobiliers. [&hellip;]<\/p>\n","protected":false},"author":1,"featured_media":0,"parent":534,"menu_order":0,"comment_status":"closed","ping_status":"closed","template":"templates\/page-ourteam.php","meta":{"footnotes":""},"class_list":["post-561","page","type-page","status-publish","hentry"],"yoast_head":"<!-- This site is optimized with the Yoast SEO plugin v26.3 - https:\/\/yoast.com\/wordpress\/plugins\/seo\/ -->\n<title>Rencontrez notre \u00e9quipe - Crystal Holidays<\/title>\n<meta name=\"robots\" content=\"index, follow, max-snippet:-1, max-image-preview:large, max-video-preview:-1\" \/>\n<link rel=\"canonical\" href=\"https:\/\/crystalholidaystravel.com\/fr\/a-propos-de-nous\/rencontrez-notre-equipe\" \/>\n<meta property=\"og:locale\" content=\"fr_FR\" \/>\n<meta property=\"og:type\" content=\"article\" \/>\n<meta property=\"og:title\" content=\"Rencontrez notre \u00e9quipe - Crystal Holidays\" \/>\n<meta property=\"og:description\" content=\"Au d\u00e9but du 21\u00e8me si\u00e8cle, le Vietnam est devenu l&rsquo;une des destinations les plus attractives de la plan\u00e8te. Parall\u00e8lement \u00e0 la tendance de d\u00e9veloppement du pays, Crystal Holidays a \u00e9t\u00e9 cr\u00e9\u00e9 avec la volont\u00e9, le d\u00e9sir et la foi de cr\u00e9er une entreprise leader dans les domaines du tourisme, des loisirs et des investissements immobiliers. [&hellip;]\" \/>\n<meta property=\"og:url\" content=\"https:\/\/crystalholidaystravel.com\/fr\/a-propos-de-nous\/rencontrez-notre-equipe\" \/>\n<meta property=\"og:site_name\" content=\"Crystal Holidays\" \/>\n<meta property=\"article:publisher\" content=\"https:\/\/www.facebook.com\/bicweb.vn\/\" \/>\n<meta name=\"twitter:card\" content=\"summary_large_image\" \/>\n<meta name=\"twitter:label1\" content=\"Dur\u00e9e de lecture estim\u00e9e\" \/>\n\t<meta name=\"twitter:data1\" content=\"1 minute\" \/>\n<script type=\"application\/ld+json\" class=\"yoast-schema-graph\">{\"@context\":\"https:\/\/schema.org\",\"@graph\":[{\"@type\":\"WebPage\",\"@id\":\"https:\/\/crystalholidaystravel.com\/fr\/a-propos-de-nous\/rencontrez-notre-equipe\",\"url\":\"https:\/\/crystalholidaystravel.com\/fr\/a-propos-de-nous\/rencontrez-notre-equipe\",\"name\":\"Rencontrez notre \u00e9quipe - Crystal Holidays\",\"isPartOf\":{\"@id\":\"https:\/\/crystalholidaystravel.com\/fr\/#website\"},\"datePublished\":\"2019-11-21T02:42:40+00:00\",\"breadcrumb\":{\"@id\":\"https:\/\/crystalholidaystravel.com\/fr\/a-propos-de-nous\/rencontrez-notre-equipe#breadcrumb\"},\"inLanguage\":\"fr-FR\",\"potentialAction\":[{\"@type\":\"ReadAction\",\"target\":[\"https:\/\/crystalholidaystravel.com\/fr\/a-propos-de-nous\/rencontrez-notre-equipe\"]}]},{\"@type\":\"BreadcrumbList\",\"@id\":\"https:\/\/crystalholidaystravel.com\/fr\/a-propos-de-nous\/rencontrez-notre-equipe#breadcrumb\",\"itemListElement\":[{\"@type\":\"ListItem\",\"position\":1,\"name\":\"Accueil\",\"item\":\"https:\/\/crystalholidaystravel.com\/fr\"},{\"@type\":\"ListItem\",\"position\":2,\"name\":\"\u00c0 propos de nous\",\"item\":\"https:\/\/crystalholidaystravel.com\/fr\/a-propos-de-nous\"},{\"@type\":\"ListItem\",\"position\":3,\"name\":\"Rencontrez notre \u00e9quipe\"}]},{\"@type\":\"WebSite\",\"@id\":\"https:\/\/crystalholidaystravel.com\/fr\/#website\",\"url\":\"https:\/\/crystalholidaystravel.com\/fr\/\",\"name\":\"Crystal Holidays\",\"description\":\"Best travel choices\",\"publisher\":{\"@id\":\"https:\/\/crystalholidaystravel.com\/fr\/#organization\"},\"potentialAction\":[{\"@type\":\"SearchAction\",\"target\":{\"@type\":\"EntryPoint\",\"urlTemplate\":\"https:\/\/crystalholidaystravel.com\/fr\/?s={search_term_string}\"},\"query-input\":{\"@type\":\"PropertyValueSpecification\",\"valueRequired\":true,\"valueName\":\"search_term_string\"}}],\"inLanguage\":\"fr-FR\"},{\"@type\":\"Organization\",\"@id\":\"https:\/\/crystalholidaystravel.com\/fr\/#organization\",\"name\":\"Crystal Holidays\",\"url\":\"https:\/\/crystalholidaystravel.com\/fr\/\",\"logo\":{\"@type\":\"ImageObject\",\"inLanguage\":\"fr-FR\",\"@id\":\"https:\/\/crystalholidaystravel.com\/fr\/#\/schema\/logo\/image\/\",\"url\":\"https:\/\/crystalholidaystravel.com\/wp-content\/uploads\/2019\/12\/cropped-logo-final-1-1.png\",\"contentUrl\":\"https:\/\/crystalholidaystravel.com\/wp-content\/uploads\/2019\/12\/cropped-logo-final-1-1.png\",\"width\":361,\"height\":94,\"caption\":\"Crystal Holidays\"},\"image\":{\"@id\":\"https:\/\/crystalholidaystravel.com\/fr\/#\/schema\/logo\/image\/\"},\"sameAs\":[\"https:\/\/www.facebook.com\/bicweb.vn\/\",\"https:\/\/www.youtube.com\/channel\/UCOh3Je5dZYdffVMI752e6FA\"]}]}<\/script>\n<!-- \/ Yoast SEO plugin. -->","yoast_head_json":{"title":"Rencontrez notre \u00e9quipe - Crystal Holidays","robots":{"index":"index","follow":"follow","max-snippet":"max-snippet:-1","max-image-preview":"max-image-preview:large","max-video-preview":"max-video-preview:-1"},"canonical":"https:\/\/crystalholidaystravel.com\/fr\/a-propos-de-nous\/rencontrez-notre-equipe","og_locale":"fr_FR","og_type":"article","og_title":"Rencontrez notre \u00e9quipe - Crystal Holidays","og_description":"Au d\u00e9but du 21\u00e8me si\u00e8cle, le Vietnam est devenu l&rsquo;une des destinations les plus attractives de la plan\u00e8te. Parall\u00e8lement \u00e0 la tendance de d\u00e9veloppement du pays, Crystal Holidays a \u00e9t\u00e9 cr\u00e9\u00e9 avec la volont\u00e9, le d\u00e9sir et la foi de cr\u00e9er une entreprise leader dans les domaines du tourisme, des loisirs et des investissements immobiliers. [&hellip;]","og_url":"https:\/\/crystalholidaystravel.com\/fr\/a-propos-de-nous\/rencontrez-notre-equipe","og_site_name":"Crystal Holidays","article_publisher":"https:\/\/www.facebook.com\/bicweb.vn\/","twitter_card":"summary_large_image","twitter_misc":{"Dur\u00e9e de lecture estim\u00e9e":"1 minute"},"schema":{"@context":"https:\/\/schema.org","@graph":[{"@type":"WebPage","@id":"https:\/\/crystalholidaystravel.com\/fr\/a-propos-de-nous\/rencontrez-notre-equipe","url":"https:\/\/crystalholidaystravel.com\/fr\/a-propos-de-nous\/rencontrez-notre-equipe","name":"Rencontrez notre \u00e9quipe - Crystal Holidays","isPartOf":{"@id":"https:\/\/crystalholidaystravel.com\/fr\/#website"},"datePublished":"2019-11-21T02:42:40+00:00","breadcrumb":{"@id":"https:\/\/crystalholidaystravel.com\/fr\/a-propos-de-nous\/rencontrez-notre-equipe#breadcrumb"},"inLanguage":"fr-FR","potentialAction":[{"@type":"ReadAction","target":["https:\/\/crystalholidaystravel.com\/fr\/a-propos-de-nous\/rencontrez-notre-equipe"]}]},{"@type":"BreadcrumbList","@id":"https:\/\/crystalholidaystravel.com\/fr\/a-propos-de-nous\/rencontrez-notre-equipe#breadcrumb","itemListElement":[{"@type":"ListItem","position":1,"name":"Accueil","item":"https:\/\/crystalholidaystravel.com\/fr"},{"@type":"ListItem","position":2,"name":"\u00c0 propos de nous","item":"https:\/\/crystalholidaystravel.com\/fr\/a-propos-de-nous"},{"@type":"ListItem","position":3,"name":"Rencontrez notre \u00e9quipe"}]},{"@type":"WebSite","@id":"https:\/\/crystalholidaystravel.com\/fr\/#website","url":"https:\/\/crystalholidaystravel.com\/fr\/","name":"Crystal Holidays","description":"Best travel choices","publisher":{"@id":"https:\/\/crystalholidaystravel.com\/fr\/#organization"},"potentialAction":[{"@type":"SearchAction","target":{"@type":"EntryPoint","urlTemplate":"https:\/\/crystalholidaystravel.com\/fr\/?s={search_term_string}"},"query-input":{"@type":"PropertyValueSpecification","valueRequired":true,"valueName":"search_term_string"}}],"inLanguage":"fr-FR"},{"@type":"Organization","@id":"https:\/\/crystalholidaystravel.com\/fr\/#organization","name":"Crystal Holidays","url":"https:\/\/crystalholidaystravel.com\/fr\/","logo":{"@type":"ImageObject","inLanguage":"fr-FR","@id":"https:\/\/crystalholidaystravel.com\/fr\/#\/schema\/logo\/image\/","url":"https:\/\/crystalholidaystravel.com\/wp-content\/uploads\/2019\/12\/cropped-logo-final-1-1.png","contentUrl":"https:\/\/crystalholidaystravel.com\/wp-content\/uploads\/2019\/12\/cropped-logo-final-1-1.png","width":361,"height":94,"caption":"Crystal Holidays"},"image":{"@id":"https:\/\/crystalholidaystravel.com\/fr\/#\/schema\/logo\/image\/"},"sameAs":["https:\/\/www.facebook.com\/bicweb.vn\/","https:\/\/www.youtube.com\/channel\/UCOh3Je5dZYdffVMI752e6FA"]}]}},"_links":{"self":[{"href":"https:\/\/crystalholidaystravel.com\/fr\/wp-json\/wp\/v2\/pages\/561","targetHints":{"allow":["GET"]}}],"collection":[{"href":"https:\/\/crystalholidaystravel.com\/fr\/wp-json\/wp\/v2\/pages"}],"about":[{"href":"https:\/\/crystalholidaystravel.com\/fr\/wp-json\/wp\/v2\/types\/page"}],"author":[{"embeddable":true,"href":"https:\/\/crystalholidaystravel.com\/fr\/wp-json\/wp\/v2\/users\/1"}],"replies":[{"embeddable":true,"href":"https:\/\/crystalholidaystravel.com\/fr\/wp-json\/wp\/v2\/comments?post=561"}],"version-history":[{"count":1,"href":"https:\/\/crystalholidaystravel.com\/fr\/wp-json\/wp\/v2\/pages\/561\/revisions"}],"predecessor-version":[{"id":565,"href":"https:\/\/crystalholidaystravel.com\/fr\/wp-json\/wp\/v2\/pages\/561\/revisions\/565"}],"up":[{"embeddable":true,"href":"https:\/\/crystalholidaystravel.com\/fr\/wp-json\/wp\/v2\/pages\/534"}],"wp:attachment":[{"href":"https:\/\/crystalholidaystravel.com\/fr\/wp-json\/wp\/v2\/media?parent=561"}],"curies":[{"name":"wp","href":"https:\/\/api.w.org\/{rel}","templated":true}]}}