{"id":534,"date":"2019-09-16T04:33:26","date_gmt":"2019-09-16T04:33:26","guid":{"rendered":"https:\/\/crystalholidaystravel.com\/about-us"},"modified":"2024-08-22T11:09:25","modified_gmt":"2024-08-22T11:09:25","slug":"a-propos-de-nous","status":"publish","type":"page","link":"https:\/\/crystalholidaystravel.com\/fr\/a-propos-de-nous","title":{"rendered":"\u00c0 propos de nous"},"content":{"rendered":"<p style=\"text-align: left;\">\u00ab\u00a0V\u00f4tre satisfaction est n\u00f4tre priorit\u00e9 absolue\u00a0\u00bb<br \/>\nNous sommes honor\u00e9s d&rsquo;\u00eatre votre partenaire de voyage dans ce voyage \u00e0 la conqu\u00eate de nouvelles terres et de cultures envo\u00fbtantes. Avec Crystal Holidays, vous b\u00e9n\u00e9ficiez d\u2019une perspective interne qui vous permet de d\u00e9couvrir l\u2019Asie de la mani\u00e8re la plus authentique qui soit. Du charme d\u00e9suet du Laos \u00e0 la richesse de la culture cambodgienne, riche d&rsquo;une myriade d&rsquo;attractions splendides et d&rsquo;histoires historiques instructives, les incroyables contrastes de la beaut\u00e9 japonaise du Nord au sud et de l&rsquo;ancien Vietnam poss\u00e9dant la cuisine la plus saine et la plus \u00e9quilibr\u00e9e du monde. monde, etc., nous vous aidons \u00e0 d\u00e9couvrir l\u2019Asie comme un initi\u00e9 en vous partageant des guides de voyage d\u00e9taill\u00e9s dans toute la r\u00e9gion. Avec nos escortes professionnelles natives, Crystal Holidays est en mesure d\u2019offrir une excursion m\u00e9morable qui convient \u00e0 toutes les pr\u00e9f\u00e9rences personnelles.<\/p>\n","protected":false},"excerpt":{"rendered":"<p>\u00ab\u00a0V\u00f4tre satisfaction est n\u00f4tre priorit\u00e9 absolue\u00a0\u00bb Nous sommes honor\u00e9s d&rsquo;\u00eatre votre partenaire de voyage dans ce voyage \u00e0 la conqu\u00eate de nouvelles terres et de cultures envo\u00fbtantes. Avec Crystal Holidays, vous b\u00e9n\u00e9ficiez d\u2019une perspective interne qui vous permet de d\u00e9couvrir l\u2019Asie de la mani\u00e8re la plus authentique qui soit. Du charme d\u00e9suet du Laos \u00e0 [&hellip;]<\/p>\n","protected":false},"author":1,"featured_media":2664,"parent":0,"menu_order":0,"comment_status":"closed","ping_status":"closed","template":"templates\/page-about.php","meta":{"footnotes":""},"class_list":["post-534","page","type-page","status-publish","has-post-thumbnail","hentry"],"yoast_head":"<!-- This site is optimized with the Yoast SEO plugin v26.3 - https:\/\/yoast.com\/wordpress\/plugins\/seo\/ -->\n<title>\u00c0 propos de nous - Crystal Holidays<\/title>\n<meta name=\"robots\" content=\"index, follow, max-snippet:-1, max-image-preview:large, max-video-preview:-1\" \/>\n<link rel=\"canonical\" href=\"https:\/\/crystalholidaystravel.com\/fr\/a-propos-de-nous\" \/>\n<meta property=\"og:locale\" content=\"fr_FR\" \/>\n<meta property=\"og:type\" content=\"article\" \/>\n<meta property=\"og:title\" content=\"\u00c0 propos de nous - Crystal Holidays\" \/>\n<meta property=\"og:description\" content=\"\u00ab\u00a0V\u00f4tre satisfaction est n\u00f4tre priorit\u00e9 absolue\u00a0\u00bb Nous sommes honor\u00e9s d&rsquo;\u00eatre votre partenaire de voyage dans ce voyage \u00e0 la conqu\u00eate de nouvelles terres et de cultures envo\u00fbtantes. Avec Crystal Holidays, vous b\u00e9n\u00e9ficiez d\u2019une perspective interne qui vous permet de d\u00e9couvrir l\u2019Asie de la mani\u00e8re la plus authentique qui soit. Du charme d\u00e9suet du Laos \u00e0 [&hellip;]\" \/>\n<meta property=\"og:url\" content=\"https:\/\/crystalholidaystravel.com\/fr\/a-propos-de-nous\" \/>\n<meta property=\"og:site_name\" content=\"Crystal Holidays\" \/>\n<meta property=\"article:publisher\" content=\"https:\/\/www.facebook.com\/bicweb.vn\/\" \/>\n<meta property=\"article:modified_time\" content=\"2024-08-22T11:09:25+00:00\" \/>\n<meta property=\"og:image\" content=\"https:\/\/crystalholidaystravel.com\/wp-content\/uploads\/2024\/08\/bannerhome-6-2.jpg\" \/>\n\t<meta property=\"og:image:width\" content=\"960\" \/>\n\t<meta property=\"og:image:height\" content=\"960\" \/>\n\t<meta property=\"og:image:type\" content=\"image\/jpeg\" \/>\n<meta name=\"twitter:card\" content=\"summary_large_image\" \/>\n<meta name=\"twitter:label1\" content=\"Dur\u00e9e de lecture estim\u00e9e\" \/>\n\t<meta name=\"twitter:data1\" content=\"1 minute\" \/>\n<script type=\"application\/ld+json\" class=\"yoast-schema-graph\">{\"@context\":\"https:\/\/schema.org\",\"@graph\":[{\"@type\":\"WebPage\",\"@id\":\"https:\/\/crystalholidaystravel.com\/fr\/a-propos-de-nous\",\"url\":\"https:\/\/crystalholidaystravel.com\/fr\/a-propos-de-nous\",\"name\":\"\u00c0 propos de nous - Crystal Holidays\",\"isPartOf\":{\"@id\":\"https:\/\/crystalholidaystravel.com\/fr\/#website\"},\"primaryImageOfPage\":{\"@id\":\"https:\/\/crystalholidaystravel.com\/fr\/a-propos-de-nous#primaryimage\"},\"image\":{\"@id\":\"https:\/\/crystalholidaystravel.com\/fr\/a-propos-de-nous#primaryimage\"},\"thumbnailUrl\":\"https:\/\/crystalholidaystravel.com\/wp-content\/uploads\/2024\/08\/bannerhome-6-2.jpg\",\"datePublished\":\"2019-09-16T04:33:26+00:00\",\"dateModified\":\"2024-08-22T11:09:25+00:00\",\"breadcrumb\":{\"@id\":\"https:\/\/crystalholidaystravel.com\/fr\/a-propos-de-nous#breadcrumb\"},\"inLanguage\":\"fr-FR\",\"potentialAction\":[{\"@type\":\"ReadAction\",\"target\":[\"https:\/\/crystalholidaystravel.com\/fr\/a-propos-de-nous\"]}]},{\"@type\":\"ImageObject\",\"inLanguage\":\"fr-FR\",\"@id\":\"https:\/\/crystalholidaystravel.com\/fr\/a-propos-de-nous#primaryimage\",\"url\":\"https:\/\/crystalholidaystravel.com\/wp-content\/uploads\/2024\/08\/bannerhome-6-2.jpg\",\"contentUrl\":\"https:\/\/crystalholidaystravel.com\/wp-content\/uploads\/2024\/08\/bannerhome-6-2.jpg\",\"width\":960,\"height\":960},{\"@type\":\"BreadcrumbList\",\"@id\":\"https:\/\/crystalholidaystravel.com\/fr\/a-propos-de-nous#breadcrumb\",\"itemListElement\":[{\"@type\":\"ListItem\",\"position\":1,\"name\":\"Accueil\",\"item\":\"https:\/\/crystalholidaystravel.com\/fr\"},{\"@type\":\"ListItem\",\"position\":2,\"name\":\"\u00c0 propos de nous\"}]},{\"@type\":\"WebSite\",\"@id\":\"https:\/\/crystalholidaystravel.com\/fr\/#website\",\"url\":\"https:\/\/crystalholidaystravel.com\/fr\/\",\"name\":\"Crystal Holidays\",\"description\":\"Best travel choices\",\"publisher\":{\"@id\":\"https:\/\/crystalholidaystravel.com\/fr\/#organization\"},\"potentialAction\":[{\"@type\":\"SearchAction\",\"target\":{\"@type\":\"EntryPoint\",\"urlTemplate\":\"https:\/\/crystalholidaystravel.com\/fr\/?s={search_term_string}\"},\"query-input\":{\"@type\":\"PropertyValueSpecification\",\"valueRequired\":true,\"valueName\":\"search_term_string\"}}],\"inLanguage\":\"fr-FR\"},{\"@type\":\"Organization\",\"@id\":\"https:\/\/crystalholidaystravel.com\/fr\/#organization\",\"name\":\"Crystal Holidays\",\"url\":\"https:\/\/crystalholidaystravel.com\/fr\/\",\"logo\":{\"@type\":\"ImageObject\",\"inLanguage\":\"fr-FR\",\"@id\":\"https:\/\/crystalholidaystravel.com\/fr\/#\/schema\/logo\/image\/\",\"url\":\"https:\/\/crystalholidaystravel.com\/wp-content\/uploads\/2019\/12\/cropped-logo-final-1-1.png\",\"contentUrl\":\"https:\/\/crystalholidaystravel.com\/wp-content\/uploads\/2019\/12\/cropped-logo-final-1-1.png\",\"width\":361,\"height\":94,\"caption\":\"Crystal Holidays\"},\"image\":{\"@id\":\"https:\/\/crystalholidaystravel.com\/fr\/#\/schema\/logo\/image\/\"},\"sameAs\":[\"https:\/\/www.facebook.com\/bicweb.vn\/\",\"https:\/\/www.youtube.com\/channel\/UCOh3Je5dZYdffVMI752e6FA\"]}]}<\/script>\n<!-- \/ Yoast SEO plugin. -->","yoast_head_json":{"title":"\u00c0 propos de nous - Crystal Holidays","robots":{"index":"index","follow":"follow","max-snippet":"max-snippet:-1","max-image-preview":"max-image-preview:large","max-video-preview":"max-video-preview:-1"},"canonical":"https:\/\/crystalholidaystravel.com\/fr\/a-propos-de-nous","og_locale":"fr_FR","og_type":"article","og_title":"\u00c0 propos de nous - Crystal Holidays","og_description":"\u00ab\u00a0V\u00f4tre satisfaction est n\u00f4tre priorit\u00e9 absolue\u00a0\u00bb Nous sommes honor\u00e9s d&rsquo;\u00eatre votre partenaire de voyage dans ce voyage \u00e0 la conqu\u00eate de nouvelles terres et de cultures envo\u00fbtantes. Avec Crystal Holidays, vous b\u00e9n\u00e9ficiez d\u2019une perspective interne qui vous permet de d\u00e9couvrir l\u2019Asie de la mani\u00e8re la plus authentique qui soit. Du charme d\u00e9suet du Laos \u00e0 [&hellip;]","og_url":"https:\/\/crystalholidaystravel.com\/fr\/a-propos-de-nous","og_site_name":"Crystal Holidays","article_publisher":"https:\/\/www.facebook.com\/bicweb.vn\/","article_modified_time":"2024-08-22T11:09:25+00:00","og_image":[{"width":960,"height":960,"url":"https:\/\/crystalholidaystravel.com\/wp-content\/uploads\/2024\/08\/bannerhome-6-2.jpg","type":"image\/jpeg"}],"twitter_card":"summary_large_image","twitter_misc":{"Dur\u00e9e de lecture estim\u00e9e":"1 minute"},"schema":{"@context":"https:\/\/schema.org","@graph":[{"@type":"WebPage","@id":"https:\/\/crystalholidaystravel.com\/fr\/a-propos-de-nous","url":"https:\/\/crystalholidaystravel.com\/fr\/a-propos-de-nous","name":"\u00c0 propos de nous - Crystal Holidays","isPartOf":{"@id":"https:\/\/crystalholidaystravel.com\/fr\/#website"},"primaryImageOfPage":{"@id":"https:\/\/crystalholidaystravel.com\/fr\/a-propos-de-nous#primaryimage"},"image":{"@id":"https:\/\/crystalholidaystravel.com\/fr\/a-propos-de-nous#primaryimage"},"thumbnailUrl":"https:\/\/crystalholidaystravel.com\/wp-content\/uploads\/2024\/08\/bannerhome-6-2.jpg","datePublished":"2019-09-16T04:33:26+00:00","dateModified":"2024-08-22T11:09:25+00:00","breadcrumb":{"@id":"https:\/\/crystalholidaystravel.com\/fr\/a-propos-de-nous#breadcrumb"},"inLanguage":"fr-FR","potentialAction":[{"@type":"ReadAction","target":["https:\/\/crystalholidaystravel.com\/fr\/a-propos-de-nous"]}]},{"@type":"ImageObject","inLanguage":"fr-FR","@id":"https:\/\/crystalholidaystravel.com\/fr\/a-propos-de-nous#primaryimage","url":"https:\/\/crystalholidaystravel.com\/wp-content\/uploads\/2024\/08\/bannerhome-6-2.jpg","contentUrl":"https:\/\/crystalholidaystravel.com\/wp-content\/uploads\/2024\/08\/bannerhome-6-2.jpg","width":960,"height":960},{"@type":"BreadcrumbList","@id":"https:\/\/crystalholidaystravel.com\/fr\/a-propos-de-nous#breadcrumb","itemListElement":[{"@type":"ListItem","position":1,"name":"Accueil","item":"https:\/\/crystalholidaystravel.com\/fr"},{"@type":"ListItem","position":2,"name":"\u00c0 propos de nous"}]},{"@type":"WebSite","@id":"https:\/\/crystalholidaystravel.com\/fr\/#website","url":"https:\/\/crystalholidaystravel.com\/fr\/","name":"Crystal Holidays","description":"Best travel choices","publisher":{"@id":"https:\/\/crystalholidaystravel.com\/fr\/#organization"},"potentialAction":[{"@type":"SearchAction","target":{"@type":"EntryPoint","urlTemplate":"https:\/\/crystalholidaystravel.com\/fr\/?s={search_term_string}"},"query-input":{"@type":"PropertyValueSpecification","valueRequired":true,"valueName":"search_term_string"}}],"inLanguage":"fr-FR"},{"@type":"Organization","@id":"https:\/\/crystalholidaystravel.com\/fr\/#organization","name":"Crystal Holidays","url":"https:\/\/crystalholidaystravel.com\/fr\/","logo":{"@type":"ImageObject","inLanguage":"fr-FR","@id":"https:\/\/crystalholidaystravel.com\/fr\/#\/schema\/logo\/image\/","url":"https:\/\/crystalholidaystravel.com\/wp-content\/uploads\/2019\/12\/cropped-logo-final-1-1.png","contentUrl":"https:\/\/crystalholidaystravel.com\/wp-content\/uploads\/2019\/12\/cropped-logo-final-1-1.png","width":361,"height":94,"caption":"Crystal Holidays"},"image":{"@id":"https:\/\/crystalholidaystravel.com\/fr\/#\/schema\/logo\/image\/"},"sameAs":["https:\/\/www.facebook.com\/bicweb.vn\/","https:\/\/www.youtube.com\/channel\/UCOh3Je5dZYdffVMI752e6FA"]}]}},"_links":{"self":[{"href":"https:\/\/crystalholidaystravel.com\/fr\/wp-json\/wp\/v2\/pages\/534","targetHints":{"allow":["GET"]}}],"collection":[{"href":"https:\/\/crystalholidaystravel.com\/fr\/wp-json\/wp\/v2\/pages"}],"about":[{"href":"https:\/\/crystalholidaystravel.com\/fr\/wp-json\/wp\/v2\/types\/page"}],"author":[{"embeddable":true,"href":"https:\/\/crystalholidaystravel.com\/fr\/wp-json\/wp\/v2\/users\/1"}],"replies":[{"embeddable":true,"href":"https:\/\/crystalholidaystravel.com\/fr\/wp-json\/wp\/v2\/comments?post=534"}],"version-history":[{"count":6,"href":"https:\/\/crystalholidaystravel.com\/fr\/wp-json\/wp\/v2\/pages\/534\/revisions"}],"predecessor-version":[{"id":2669,"href":"https:\/\/crystalholidaystravel.com\/fr\/wp-json\/wp\/v2\/pages\/534\/revisions\/2669"}],"wp:featuredmedia":[{"embeddable":true,"href":"https:\/\/crystalholidaystravel.com\/fr\/wp-json\/wp\/v2\/media\/2664"}],"wp:attachment":[{"href":"https:\/\/crystalholidaystravel.com\/fr\/wp-json\/wp\/v2\/media?parent=534"}],"curies":[{"name":"wp","href":"https:\/\/api.w.org\/{rel}","templated":true}]}}